{"id":3246,"date":"2021-12-02T16:44:30","date_gmt":"2021-12-02T15:44:30","guid":{"rendered":"https:\/\/staging.cerclerichardwagner-rivedroite.com\/?page_id=3246"},"modified":"2025-11-17T18:11:28","modified_gmt":"2025-11-17T17:11:28","slug":"sympathisant","status":"publish","type":"page","link":"https:\/\/cerclerichardwagner-rivedroite.com\/fr\/sympathisant\/","title":{"rendered":"Sympathisants"},"content":{"rendered":"\t\t<div data-elementor-type=\"wp-page\" data-elementor-id=\"3246\" class=\"elementor elementor-3246\" data-elementor-post-type=\"page\">\n\t\t\t\t\t\t<section class=\"elementor-section elementor-top-section elementor-element elementor-element-5c80618 elementor-section-boxed elementor-section-height-default elementor-section-height-default\" data-id=\"5c80618\" data-element_type=\"section\" data-settings=\"{&quot;background_background&quot;:&quot;classic&quot;}\">\n\t\t\t\t\t\t\t<div class=\"elementor-background-overlay\"><\/div>\n\t\t\t\t\t\t\t<div class=\"elementor-container elementor-column-gap-wider\">\n\t\t\t\t\t<div class=\"elementor-column elementor-col-100 elementor-top-column elementor-element elementor-element-9885043\" data-id=\"9885043\" data-element_type=\"column\">\n\t\t\t<div class=\"elementor-widget-wrap elementor-element-populated\">\n\t\t\t\t\t\t<div class=\"elementor-element elementor-element-4317a74 elementor-position-top elementor-widget elementor-widget-image-box\" data-id=\"4317a74\" data-element_type=\"widget\" data-widget_type=\"image-box.default\">\n\t\t\t\t<div class=\"elementor-widget-container\">\n\t\t\t\t\t<div class=\"elementor-image-box-wrapper\"><figure class=\"elementor-image-box-img\"><img decoding=\"async\" width=\"311\" height=\"125\" src=\"https:\/\/cerclerichardwagner-rivedroite.com\/wp-content\/uploads\/2021\/09\/logo-CRW.png\" class=\"attachment-full size-full wp-image-38\" alt=\"\" srcset=\"https:\/\/cerclerichardwagner-rivedroite.com\/wp-content\/uploads\/2021\/09\/logo-CRW.png 311w, https:\/\/cerclerichardwagner-rivedroite.com\/wp-content\/uploads\/2021\/09\/logo-CRW-300x121.png 300w, https:\/\/cerclerichardwagner-rivedroite.com\/wp-content\/uploads\/2021\/09\/logo-CRW-18x7.png 18w\" sizes=\"(max-width: 311px) 100vw, 311px\" \/><\/figure><\/div>\t\t\t\t<\/div>\n\t\t\t\t<\/div>\n\t\t\t\t<div class=\"elementor-element elementor-element-8728908 elementor-widget elementor-widget-text-editor\" data-id=\"8728908\" data-element_type=\"widget\" data-widget_type=\"text-editor.default\">\n\t\t\t\t<div class=\"elementor-widget-container\">\n\t\t\t\t\t\t\t\t\t<h3><span style=\"color: black;\">SYMPATHISANTS R\u00c9F\u00c9RENC\u00c9S.<\/span><\/h3><p>Beaucoup d\u2019entre vous soutiennent nos actions, sans toutefois avoir forc\u00e9ment le temps d\u2019y participer, certains ont \u00e9galement d\u00fb nous quitter du fait d\u2019un d\u00e9m\u00e9nagement \u00e9loign\u00e9 de la C\u00f4te d\u2019Azur par exemple, tout en restant de c\u0153ur avec le Cercle.<\/p><p>C\u2019est pourquoi le Cercle a souhait\u00e9 \u00e9largir le p\u00e9rim\u00e8tre de ses seuls adh\u00e9rents, \u00e0 tous ceux qui partagent ses objectifs et souhaitent le soutenir, pour lui permettre de poursuivre son d\u00e9veloppement.\u00a0<\/p><p>Il s\u2019agit donc d\u2019un soutien moral, sans disposer des droits r\u00e9serv\u00e9s aux adh\u00e9rents.<\/p><p>Il vous est donc propos\u00e9 une d\u00e9marche volontaire, simple et gratuite. Elle implique uniquement pour les personnes physiques ou morales de formuler une demande pour devenir sympathisant r\u00e9f\u00e9renc\u00e9, le Comit\u00e9 de Direction se pronon\u00e7ant ensuite sur l\u2019admission. Il vous suffit ainsi de remplir directement le formulaire ci-dessous, ou de le compl\u00e9ter -\u00e0 partir de la circulaire jointe- et le retourner au Secr\u00e9taire du Cercle (<a href=\"mailto:patrick.crwrd@gmail.com\">patrick.crwrd@gmail.com<\/a>), ou par voie postale \u00e0 l\u2019adresse suivante\u00a0:Cercle Richard WAGNER Rive Droite.\u00a0216, route de St Jeannet .06610 LA GAUDE.<\/p><p>Je me permets d\u2019appeler votre attention sur le fait que votre d\u00e9marche, ainsi que l\u2019importance du nombre des sympathisants r\u00e9f\u00e9renc\u00e9s donneront une plus grande lisibilit\u00e9 et attractivit\u00e9 pour l\u2019action du Cercle, par exemple aupr\u00e8s des financeurs publics, mais pas uniquement.<\/p><p>Je compte donc sur votre soutien !<\/p><p>Lyriquement v\u00f4tre,<\/p><p>Le Pr\u00e9sident : Yves Courmes<\/p>\t\t\t\t\t\t\t\t<\/div>\n\t\t\t\t<\/div>\n\t\t\t\t<div class=\"elementor-element elementor-element-d42be81 elementor-align-center elementor-widget elementor-widget-global elementor-global-3900 elementor-widget-jet-download-button\" data-id=\"d42be81\" data-element_type=\"widget\" data-widget_type=\"jet-download-button.default\">\n\t\t\t\t<div class=\"elementor-widget-container\">\n\t\t\t\t\t<div class=\"elementor-jet-download-button jet-elements\"><a class=\"elementor-button elementor-size-md jet-download jet-download-icon-position-left\" data-e-disable-page-transition=\"true\" href=\"https:\/\/cerclerichardwagner-rivedroite.com\/fr\/?jet_download=bfd52bb860e017777614f2916a1712e9d1ed2ab3\" ><span class=\"jet-download__icon jet-download-icon-left jet-elements-icon\"><i aria-hidden=\"true\" class=\"far fa-file-pdf\"><\/i><\/span><span class=\"jet-download__text\"><span class=\"jet-download__label\">Circulaire - Sympathisants re\u0301fe\u0301rence\u0301s<\/span><span class=\"jet-download__file-name\"><\/span><small class=\"jet-download__sub-label\">T\u00e9l\u00e9charger le fichier de : 116 Ko<\/small><\/span><\/a>\n<\/div>\t\t\t\t<\/div>\n\t\t\t\t<\/div>\n\t\t\t\t<div class=\"elementor-element elementor-element-183b26e elementor-widget elementor-widget-template\" data-id=\"183b26e\" data-element_type=\"widget\" data-widget_type=\"template.default\">\n\t\t\t\t<div class=\"elementor-widget-container\">\n\t\t\t\t\t\t\t<div class=\"elementor-template\">\n\t\t\t\t\t<div data-elementor-type=\"section\" data-elementor-id=\"83\" class=\"elementor elementor-83\" data-elementor-post-type=\"elementor_library\">\n\t\t\t\t\t<section class=\"elementor-section elementor-top-section elementor-element elementor-element-1b471cd5 elementor-section-full_width elementor-section-height-default elementor-section-height-default\" data-id=\"1b471cd5\" data-element_type=\"section\">\n\t\t\t\t\t\t<div class=\"elementor-container elementor-column-gap-no\">\n\t\t\t\t\t<div class=\"elementor-column elementor-col-100 elementor-top-column elementor-element elementor-element-7393ac04\" data-id=\"7393ac04\" data-element_type=\"column\">\n\t\t\t<div class=\"elementor-widget-wrap elementor-element-populated\">\n\t\t\t\t\t\t<div class=\"elementor-element elementor-element-ff10083 jedv-enabled--yes elementor-widget elementor-widget-heading\" data-id=\"ff10083\" data-element_type=\"widget\" data-widget_type=\"heading.default\">\n\t\t\t\t<div class=\"elementor-widget-container\">\n\t\t\t\t\t<h5 class=\"elementor-heading-title elementor-size-default\">Vous pouvez devenir Sympathisant r\u00e9f\u00e9renc\u00e9 en remplissant ce formulaire<\/h5>\t\t\t\t<\/div>\n\t\t\t\t<\/div>\n\t\t\t\t<div class=\"elementor-element elementor-element-4f84a6c1 jedv-enabled--yes elementor-button-align-stretch elementor-widget elementor-widget-form\" data-id=\"4f84a6c1\" data-element_type=\"widget\" data-settings=\"{&quot;step_next_label&quot;:&quot;Next&quot;,&quot;step_previous_label&quot;:&quot;Previous&quot;,&quot;button_width&quot;:&quot;100&quot;,&quot;step_type&quot;:&quot;number_text&quot;,&quot;step_icon_shape&quot;:&quot;circle&quot;}\" data-widget_type=\"form.default\">\n\t\t\t\t<div class=\"elementor-widget-container\">\n\t\t\t\t\t\t\t<form class=\"elementor-form\" method=\"post\" id=\"contact_form\" name=\"contact-form\" aria-label=\"contact-form\">\n\t\t\t<input type=\"hidden\" name=\"post_id\" value=\"83\"\/>\n\t\t\t<input type=\"hidden\" name=\"form_id\" value=\"4f84a6c1\"\/>\n\t\t\t<input type=\"hidden\" name=\"referer_title\" value=\"Cercle Richard Wagner Rive Droite\" \/>\n\n\t\t\t\n\t\t\t<div class=\"elementor-form-fields-wrapper elementor-labels-\">\n\t\t\t\t\t\t\t\t<div class=\"elementor-field-type-hidden elementor-field-group elementor-column elementor-field-group-page_title elementor-col-100\">\n\t\t\t\t\t\t\t\t\t\t\t\t\t<input size=\"1\" type=\"hidden\" name=\"form_fields[page_title]\" id=\"form-field-page_title\" class=\"elementor-field elementor-size-md  elementor-field-textual\" value=\"Sympathisants\">\n\t\t\t\t\t\t\t\t\t\t\t<\/div>\n\t\t\t\t\t\t\t\t<div class=\"elementor-field-type-text elementor-field-group elementor-column elementor-field-group-name elementor-col-50 elementor-field-required\">\n\t\t\t\t\t\t\t\t\t\t\t\t<label for=\"form-field-name\" class=\"elementor-field-label elementor-screen-only\">\n\t\t\t\t\t\t\t\t<hr><strong>Nom<\/strong>\t\t\t\t\t\t\t<\/label>\n\t\t\t\t\t\t\t\t\t\t\t\t\t\t<input size=\"1\" type=\"text\" name=\"form_fields[name]\" id=\"form-field-name\" class=\"elementor-field elementor-size-md  elementor-field-textual\" placeholder=\"Nom *\" required=\"required\">\n\t\t\t\t\t\t\t\t\t\t\t<\/div>\n\t\t\t\t\t\t\t\t<div class=\"elementor-field-type-text elementor-field-group elementor-column elementor-field-group-prenom elementor-col-50 elementor-field-required\">\n\t\t\t\t\t\t\t\t\t\t\t\t<label for=\"form-field-prenom\" class=\"elementor-field-label elementor-screen-only\">\n\t\t\t\t\t\t\t\t<hr><strong>Pr\u00e9nom<\/strong>\t\t\t\t\t\t\t<\/label>\n\t\t\t\t\t\t\t\t\t\t\t\t\t\t<input size=\"1\" type=\"text\" name=\"form_fields[prenom]\" id=\"form-field-prenom\" class=\"elementor-field elementor-size-md  elementor-field-textual\" placeholder=\"Pr\u00e9nom *\" required=\"required\">\n\t\t\t\t\t\t\t\t\t\t\t<\/div>\n\t\t\t\t\t\t\t\t<div class=\"elementor-field-type-email elementor-field-group elementor-column elementor-field-group-email elementor-col-50 elementor-field-required\">\n\t\t\t\t\t\t\t\t\t\t\t\t<label for=\"form-field-email\" class=\"elementor-field-label elementor-screen-only\">\n\t\t\t\t\t\t\t\t<hr><strong>Email<\/strong>\t\t\t\t\t\t\t<\/label>\n\t\t\t\t\t\t\t\t\t\t\t\t\t\t<input size=\"1\" type=\"email\" name=\"form_fields[email]\" id=\"form-field-email\" class=\"elementor-field elementor-size-md  elementor-field-textual\" placeholder=\"Email *\" required=\"required\">\n\t\t\t\t\t\t\t\t\t\t\t<\/div>\n\t\t\t\t\t\t\t\t<div class=\"elementor-field-type-tel elementor-field-group elementor-column elementor-field-group-phone elementor-col-50 elementor-field-required\">\n\t\t\t\t\t\t\t\t\t\t\t\t<label for=\"form-field-phone\" class=\"elementor-field-label elementor-screen-only\">\n\t\t\t\t\t\t\t\t<hr><strong>T\u00e9l\u00e9phone<\/strong>\t\t\t\t\t\t\t<\/label>\n\t\t\t\t\t\t\t\t<input size=\"1\" type=\"tel\" name=\"form_fields[phone]\" id=\"form-field-phone\" class=\"elementor-field elementor-size-md  elementor-field-textual\" placeholder=\"T\u00e9l\u00e9phone *\" required=\"required\" pattern=\"[0-9()#&amp;+*-=.]+\" title=\"Seuls les caract\u00e8res de num\u00e9ros de t\u00e9l\u00e9phone (#, -, *, etc.) sont accept\u00e9s.\">\n\n\t\t\t\t\t\t<\/div>\n\t\t\t\t\t\t\t\t<div class=\"elementor-field-type-text elementor-field-group elementor-column elementor-field-group-societe elementor-col-100\">\n\t\t\t\t\t\t\t\t\t\t\t\t<label for=\"form-field-societe\" class=\"elementor-field-label elementor-screen-only\">\n\t\t\t\t\t\t\t\t<hr><strong>Soci\u00e9t\u00e9<\/strong>\t\t\t\t\t\t\t<\/label>\n\t\t\t\t\t\t\t\t\t\t\t\t\t\t<input size=\"1\" type=\"text\" name=\"form_fields[societe]\" id=\"form-field-societe\" class=\"elementor-field elementor-size-md  elementor-field-textual\" placeholder=\"Soci\u00e9t\u00e9\">\n\t\t\t\t\t\t\t\t\t\t\t<\/div>\n\t\t\t\t\t\t\t\t<div class=\"elementor-field-type-acceptance elementor-field-group elementor-column elementor-field-group-optin_sympathisant elementor-col-100 elementor-field-required\">\n\t\t\t\t\t\t\t\t\t\t\t\t<label for=\"form-field-optin_sympathisant\" class=\"elementor-field-label elementor-screen-only\">\n\t\t\t\t\t\t\t\t<hr>Je souhaite devenir \"Sympathisant r\u00e9f\u00e9renc\u00e9\" et j'ai bien pris en connaissance du r\u00e8glement g\u00e9n\u00e9rale sur la protection des donn\u00e9es figurant sur le site et sur la circulaire. Je donne mon accord pour recevoir des publications et messages du Cercle Richard Wagner Rive Droite.\t\t\t\t\t\t\t<\/label>\n\t\t\t\t\t\t\t\t<div class=\"elementor-field-subgroup\">\n\t\t\t<span class=\"elementor-field-option\">\n\t\t\t\t<input type=\"checkbox\" name=\"form_fields[optin_sympathisant]\" id=\"form-field-optin_sympathisant\" class=\"elementor-field elementor-size-md  elementor-acceptance-field\" required=\"required\">\n\t\t\t\t<label for=\"form-field-optin_sympathisant\">Je souhaite devenir \"Sympathisant r\u00e9f\u00e9renc\u00e9\" et j'ai bien pris connaissance du r\u00e8glement g\u00e9n\u00e9ral sur la protection des donn\u00e9es figurant sur le site et sur la circulaire. Je donne mon accord pour recevoir des publications et messages du Cercle Richard Wagner Rive Droite.<br><br><br><\/label>\t\t\t<\/span>\n\t\t<\/div>\n\t\t\t\t\t\t<\/div>\n\t\t\t\t\t\t\t\t<div class=\"elementor-field-type-textarea elementor-field-group elementor-column elementor-field-group-message elementor-col-100\">\n\t\t\t\t\t\t\t\t\t\t\t\t<label for=\"form-field-message\" class=\"elementor-field-label elementor-screen-only\">\n\t\t\t\t\t\t\t\t<hr><strong>Message<\/strong>\t\t\t\t\t\t\t<\/label>\n\t\t\t\t\t\t<textarea class=\"elementor-field-textual elementor-field  elementor-size-md\" name=\"form_fields[message]\" id=\"form-field-message\" rows=\"3\" placeholder=\"Message\"><\/textarea>\t\t\t\t<\/div>\n\t\t\t\t\t\t\t\t<div class=\"elementor-field-type-hidden elementor-field-group elementor-column elementor-field-group-website elementor-col-100\">\n\t\t\t\t\t\t\t\t\t\t\t\t\t<input size=\"1\" type=\"hidden\" name=\"form_fields[website]\" id=\"form-field-website\" class=\"elementor-field elementor-size-md  elementor-field-textual\" value=\"CERCLE RICHARD WAGNER\">\n\t\t\t\t\t\t\t\t\t\t\t<\/div>\n\t\t\t\t\t\t\t\t<div class=\"elementor-field-type-hidden elementor-field-group elementor-column elementor-field-group-admin_mail elementor-col-100\">\n\t\t\t\t\t\t\t\t\t\t\t\t\t<input size=\"1\" type=\"hidden\" name=\"form_fields[admin_mail]\" id=\"form-field-admin_mail\" class=\"elementor-field elementor-size-md  elementor-field-textual\" value=\"info@cerclerichardwagner-rivedroite.com\">\n\t\t\t\t\t\t\t\t\t\t\t<\/div>\n\t\t\t\t\t\t\t\t<div class=\"elementor-field-type-recaptcha_v3 elementor-field-group elementor-column elementor-field-group-ReCaptchatV3 elementor-col-100 recaptcha_v3-inline\">\n\t\t\t\t\t<div class=\"elementor-field\" id=\"form-field-ReCaptchatV3\"><div class=\"elementor-g-recaptcha\" data-sitekey=\"6Le6BtoaAAAAAMEfjKclHtC_0LTaLPoYcDVDXVOT\" data-type=\"v3\" data-action=\"Form\" data-badge=\"inline\" data-size=\"invisible\"><\/div><\/div>\t\t\t\t<\/div>\n\t\t\t\t\t\t\t\t<div class=\"elementor-field-group elementor-column elementor-field-type-submit elementor-col-100 e-form__buttons\">\n\t\t\t\t\t<button class=\"elementor-button elementor-size-md\" type=\"submit\">\n\t\t\t\t\t\t<span class=\"elementor-button-content-wrapper\">\n\t\t\t\t\t\t\t\t\t\t\t\t\t\t\t<span class=\"elementor-button-icon\">\n\t\t\t\t\t\t\t\t\t<i class=\"fa fa-paper-plane\" aria-hidden=\"true\"><\/i>\t\t\t\t\t\t\t\t\t\t\t\t\t\t\t\t\t<\/span>\n\t\t\t\t\t\t\t\t\t\t\t\t\t\t\t\t\t\t\t\t\t\t<span class=\"elementor-button-text\">Envoyer<\/span>\n\t\t\t\t\t\t\t\t\t\t\t\t\t<\/span>\n\t\t\t\t\t<\/button>\n\t\t\t\t<\/div>\n\t\t\t<\/div>\n\t\t<\/form>\n\t\t\t\t\t\t<\/div>\n\t\t\t\t<\/div>\n\t\t\t\t\t<\/div>\n\t\t<\/div>\n\t\t\t\t\t<\/div>\n\t\t<\/section>\n\t\t\t\t<\/div>\n\t\t\t\t<\/div>\n\t\t\t\t\t\t<\/div>\n\t\t\t\t<\/div>\n\t\t\t\t\t<\/div>\n\t\t<\/div>\n\t\t\t\t\t<\/div>\n\t\t<\/section>\n\t\t\t\t<\/div>\n\t\t","protected":false},"excerpt":{"rendered":"<p>SYMPATHISANTS R\u00c9F\u00c9RENC\u00c9S. Beaucoup d\u2019entre vous soutiennent nos actions, sans toutefois avoir forc\u00e9ment le temps d\u2019y participer, certains ont \u00e9galement d\u00fb nous quitter du fait d\u2019un d\u00e9m\u00e9nagement \u00e9loign\u00e9 de la C\u00f4te d\u2019Azur par exemple, tout en restant de c\u0153ur avec le Cercle. C\u2019est pourquoi le Cercle a souhait\u00e9 \u00e9largir le p\u00e9rim\u00e8tre de ses seuls adh\u00e9rents, \u00e0 [&hellip;]<\/p>\n","protected":false},"author":2,"featured_media":0,"parent":0,"menu_order":0,"comment_status":"closed","ping_status":"closed","template":"","meta":{"footnotes":""},"folder":[],"class_list":["post-3246","page","type-page","status-publish","hentry"],"yoast_head":"<!-- This site is optimized with the Yoast SEO plugin v26.6 - https:\/\/yoast.com\/wordpress\/plugins\/seo\/ -->\n<title>Sympathisants - Cercle Richard Wagner Rive Droite<\/title>\n<meta name=\"description\" content=\"SYMPATHISANTS R\u00c9F\u00c9RENC\u00c9S.Beaucoup d\u2019entre vous soutiennent nos actions, sans toutefois avoir forc\u00e9ment le temps d\u2019y participer, certains ont \u00e9galement d\u00fb\" \/>\n<meta name=\"robots\" content=\"index, follow, max-snippet:-1, max-image-preview:large, max-video-preview:-1\" \/>\n<link rel=\"canonical\" href=\"https:\/\/cerclerichardwagner-rivedroite.com\/fr\/sympathisant\/\" \/>\n<meta property=\"og:locale\" content=\"fr_FR\" \/>\n<meta property=\"og:type\" content=\"article\" \/>\n<meta property=\"og:title\" content=\"Sympathisants - Cercle Richard Wagner Rive Droite\" \/>\n<meta property=\"og:description\" content=\"SYMPATHISANTS R\u00c9F\u00c9RENC\u00c9S.Beaucoup d\u2019entre vous soutiennent nos actions, sans toutefois avoir forc\u00e9ment le temps d\u2019y participer, certains ont \u00e9galement d\u00fb\" \/>\n<meta property=\"og:url\" content=\"https:\/\/cerclerichardwagner-rivedroite.com\/fr\/sympathisant\/\" \/>\n<meta property=\"og:site_name\" content=\"Cercle Richard Wagner Rive Droite\" \/>\n<meta property=\"article:publisher\" content=\"https:\/\/fr-fr.facebook.com\/Cercle-Richard-Wagner-Rive-Droite-684858211581845\/\" \/>\n<meta property=\"article:modified_time\" content=\"2025-11-17T17:11:28+00:00\" \/>\n<meta name=\"twitter:card\" content=\"summary_large_image\" \/>\n<meta name=\"twitter:label1\" content=\"Dur\u00e9e de lecture estim\u00e9e\" \/>\n\t<meta name=\"twitter:data1\" content=\"3 minutes\" \/>\n<script type=\"application\/ld+json\" class=\"yoast-schema-graph\">{\"@context\":\"https:\/\/schema.org\",\"@graph\":[{\"@type\":\"WebPage\",\"@id\":\"https:\/\/cerclerichardwagner-rivedroite.com\/sympathisant\/\",\"url\":\"https:\/\/cerclerichardwagner-rivedroite.com\/sympathisant\/\",\"name\":\"Sympathisants - Cercle Richard Wagner Rive Droite\",\"isPartOf\":{\"@id\":\"https:\/\/cerclerichardwagner-rivedroite.com\/fr\/#website\"},\"datePublished\":\"2021-12-02T15:44:30+00:00\",\"dateModified\":\"2025-11-17T17:11:28+00:00\",\"description\":\"SYMPATHISANTS R\u00c9F\u00c9RENC\u00c9S.Beaucoup d\u2019entre vous soutiennent nos actions, sans toutefois avoir forc\u00e9ment le temps d\u2019y participer, certains ont \u00e9galement d\u00fb\",\"breadcrumb\":{\"@id\":\"https:\/\/cerclerichardwagner-rivedroite.com\/sympathisant\/#breadcrumb\"},\"inLanguage\":\"fr-FR\",\"potentialAction\":[{\"@type\":\"ReadAction\",\"target\":[\"https:\/\/cerclerichardwagner-rivedroite.com\/sympathisant\/\"]}]},{\"@type\":\"BreadcrumbList\",\"@id\":\"https:\/\/cerclerichardwagner-rivedroite.com\/sympathisant\/#breadcrumb\",\"itemListElement\":[{\"@type\":\"ListItem\",\"position\":1,\"name\":\"Accueil\",\"item\":\"https:\/\/cerclerichardwagner-rivedroite.com\/\"},{\"@type\":\"ListItem\",\"position\":2,\"name\":\"Sympathisants\"}]},{\"@type\":\"WebSite\",\"@id\":\"https:\/\/cerclerichardwagner-rivedroite.com\/fr\/#website\",\"url\":\"https:\/\/cerclerichardwagner-rivedroite.com\/fr\/\",\"name\":\"Cercle Richard Wagner Rive Droite\",\"description\":\"le Rayonnement de l\u2019Art Lyrique sur la Rive Droite du Var\",\"publisher\":{\"@id\":\"https:\/\/cerclerichardwagner-rivedroite.com\/fr\/#organization\"},\"potentialAction\":[{\"@type\":\"SearchAction\",\"target\":{\"@type\":\"EntryPoint\",\"urlTemplate\":\"https:\/\/cerclerichardwagner-rivedroite.com\/fr\/?s={search_term_string}\"},\"query-input\":{\"@type\":\"PropertyValueSpecification\",\"valueRequired\":true,\"valueName\":\"search_term_string\"}}],\"inLanguage\":\"fr-FR\"},{\"@type\":\"Organization\",\"@id\":\"https:\/\/cerclerichardwagner-rivedroite.com\/fr\/#organization\",\"name\":\"Le Cercle Richard Wagner Rive Droite \u00e0 Nice\",\"url\":\"https:\/\/cerclerichardwagner-rivedroite.com\/fr\/\",\"logo\":{\"@type\":\"ImageObject\",\"inLanguage\":\"fr-FR\",\"@id\":\"https:\/\/cerclerichardwagner-rivedroite.com\/fr\/#\/schema\/logo\/image\/\",\"url\":\"https:\/\/cerclerichardwagner-rivedroite.com\/wp-content\/uploads\/2021\/09\/logo-CRW.png\",\"contentUrl\":\"https:\/\/cerclerichardwagner-rivedroite.com\/wp-content\/uploads\/2021\/09\/logo-CRW.png\",\"width\":311,\"height\":125,\"caption\":\"Le Cercle Richard Wagner Rive Droite \u00e0 Nice\"},\"image\":{\"@id\":\"https:\/\/cerclerichardwagner-rivedroite.com\/fr\/#\/schema\/logo\/image\/\"},\"sameAs\":[\"https:\/\/fr-fr.facebook.com\/Cercle-Richard-Wagner-Rive-Droite-684858211581845\/\"]}]}<\/script>\n<!-- \/ Yoast SEO plugin. -->","yoast_head_json":{"title":"Sympathisants - Cercle Richard Wagner Rive Droite","description":"SYMPATHISANTS R\u00c9F\u00c9RENC\u00c9S.Beaucoup d\u2019entre vous soutiennent nos actions, sans toutefois avoir forc\u00e9ment le temps d\u2019y participer, certains ont \u00e9galement d\u00fb","robots":{"index":"index","follow":"follow","max-snippet":"max-snippet:-1","max-image-preview":"max-image-preview:large","max-video-preview":"max-video-preview:-1"},"canonical":"https:\/\/cerclerichardwagner-rivedroite.com\/fr\/sympathisant\/","og_locale":"fr_FR","og_type":"article","og_title":"Sympathisants - Cercle Richard Wagner Rive Droite","og_description":"SYMPATHISANTS R\u00c9F\u00c9RENC\u00c9S.Beaucoup d\u2019entre vous soutiennent nos actions, sans toutefois avoir forc\u00e9ment le temps d\u2019y participer, certains ont \u00e9galement d\u00fb","og_url":"https:\/\/cerclerichardwagner-rivedroite.com\/fr\/sympathisant\/","og_site_name":"Cercle Richard Wagner Rive Droite","article_publisher":"https:\/\/fr-fr.facebook.com\/Cercle-Richard-Wagner-Rive-Droite-684858211581845\/","article_modified_time":"2025-11-17T17:11:28+00:00","twitter_card":"summary_large_image","twitter_misc":{"Dur\u00e9e de lecture estim\u00e9e":"3 minutes"},"schema":{"@context":"https:\/\/schema.org","@graph":[{"@type":"WebPage","@id":"https:\/\/cerclerichardwagner-rivedroite.com\/sympathisant\/","url":"https:\/\/cerclerichardwagner-rivedroite.com\/sympathisant\/","name":"Sympathisants - Cercle Richard Wagner Rive Droite","isPartOf":{"@id":"https:\/\/cerclerichardwagner-rivedroite.com\/fr\/#website"},"datePublished":"2021-12-02T15:44:30+00:00","dateModified":"2025-11-17T17:11:28+00:00","description":"SYMPATHISANTS R\u00c9F\u00c9RENC\u00c9S.Beaucoup d\u2019entre vous soutiennent nos actions, sans toutefois avoir forc\u00e9ment le temps d\u2019y participer, certains ont \u00e9galement d\u00fb","breadcrumb":{"@id":"https:\/\/cerclerichardwagner-rivedroite.com\/sympathisant\/#breadcrumb"},"inLanguage":"fr-FR","potentialAction":[{"@type":"ReadAction","target":["https:\/\/cerclerichardwagner-rivedroite.com\/sympathisant\/"]}]},{"@type":"BreadcrumbList","@id":"https:\/\/cerclerichardwagner-rivedroite.com\/sympathisant\/#breadcrumb","itemListElement":[{"@type":"ListItem","position":1,"name":"Accueil","item":"https:\/\/cerclerichardwagner-rivedroite.com\/"},{"@type":"ListItem","position":2,"name":"Sympathisants"}]},{"@type":"WebSite","@id":"https:\/\/cerclerichardwagner-rivedroite.com\/fr\/#website","url":"https:\/\/cerclerichardwagner-rivedroite.com\/fr\/","name":"Cercle Richard Wagner Rive Droite","description":"le Rayonnement de l\u2019Art Lyrique sur la Rive Droite du Var","publisher":{"@id":"https:\/\/cerclerichardwagner-rivedroite.com\/fr\/#organization"},"potentialAction":[{"@type":"SearchAction","target":{"@type":"EntryPoint","urlTemplate":"https:\/\/cerclerichardwagner-rivedroite.com\/fr\/?s={search_term_string}"},"query-input":{"@type":"PropertyValueSpecification","valueRequired":true,"valueName":"search_term_string"}}],"inLanguage":"fr-FR"},{"@type":"Organization","@id":"https:\/\/cerclerichardwagner-rivedroite.com\/fr\/#organization","name":"Le Cercle Richard Wagner Rive Droite \u00e0 Nice","url":"https:\/\/cerclerichardwagner-rivedroite.com\/fr\/","logo":{"@type":"ImageObject","inLanguage":"fr-FR","@id":"https:\/\/cerclerichardwagner-rivedroite.com\/fr\/#\/schema\/logo\/image\/","url":"https:\/\/cerclerichardwagner-rivedroite.com\/wp-content\/uploads\/2021\/09\/logo-CRW.png","contentUrl":"https:\/\/cerclerichardwagner-rivedroite.com\/wp-content\/uploads\/2021\/09\/logo-CRW.png","width":311,"height":125,"caption":"Le Cercle Richard Wagner Rive Droite \u00e0 Nice"},"image":{"@id":"https:\/\/cerclerichardwagner-rivedroite.com\/fr\/#\/schema\/logo\/image\/"},"sameAs":["https:\/\/fr-fr.facebook.com\/Cercle-Richard-Wagner-Rive-Droite-684858211581845\/"]}]}},"_links":{"self":[{"href":"https:\/\/cerclerichardwagner-rivedroite.com\/fr\/wp-json\/wp\/v2\/pages\/3246","targetHints":{"allow":["GET"]}}],"collection":[{"href":"https:\/\/cerclerichardwagner-rivedroite.com\/fr\/wp-json\/wp\/v2\/pages"}],"about":[{"href":"https:\/\/cerclerichardwagner-rivedroite.com\/fr\/wp-json\/wp\/v2\/types\/page"}],"author":[{"embeddable":true,"href":"https:\/\/cerclerichardwagner-rivedroite.com\/fr\/wp-json\/wp\/v2\/users\/2"}],"replies":[{"embeddable":true,"href":"https:\/\/cerclerichardwagner-rivedroite.com\/fr\/wp-json\/wp\/v2\/comments?post=3246"}],"version-history":[{"count":1,"href":"https:\/\/cerclerichardwagner-rivedroite.com\/fr\/wp-json\/wp\/v2\/pages\/3246\/revisions"}],"predecessor-version":[{"id":7487,"href":"https:\/\/cerclerichardwagner-rivedroite.com\/fr\/wp-json\/wp\/v2\/pages\/3246\/revisions\/7487"}],"wp:attachment":[{"href":"https:\/\/cerclerichardwagner-rivedroite.com\/fr\/wp-json\/wp\/v2\/media?parent=3246"}],"wp:term":[{"taxonomy":"folder","embeddable":true,"href":"https:\/\/cerclerichardwagner-rivedroite.com\/fr\/wp-json\/wp\/v2\/folder?post=3246"}],"curies":[{"name":"wp","href":"https:\/\/api.w.org\/{rel}","templated":true}]}}